{"id":675,"date":"2021-09-30T12:56:24","date_gmt":"2021-09-30T10:56:24","guid":{"rendered":"https:\/\/localhost\/wpconsys\/?page_id=675"},"modified":"2021-09-30T13:00:13","modified_gmt":"2021-09-30T11:00:13","slug":"datenschutzerklaerung","status":"publish","type":"page","link":"https:\/\/shop.consys.at\/en\/datenschutzerklaerung\/","title":{"rendered":"Datenschutzerkl\u00e4rung"},"content":{"rendered":"<div class=\"banner has-hover\" id=\"banner-1083084913\">\n          <div class=\"banner-inner fill\">\n        <div class=\"banner-bg fill\" >\n                                                \n                    <\/div>\n\t\t\n        <div class=\"banner-layers container\">\n            <div class=\"fill banner-link\"><\/div>            \n\n   <div id=\"text-box-1415904231\" class=\"text-box banner-layer x50 md-x50 lg-x50 y50 md-y50 lg-y50 res-text\">\n                                <div class=\"text-box-content text dark\">\n              \n              <div class=\"text-inner text-center\">\n                  \n\n<div class=\"container section-title-container\" ><h3 class=\"section-title section-title-center\"><b aria-hidden=\"true\"><\/b><span class=\"section-title-main\" >Datenschutzerkl\u00e4rung<\/span><b aria-hidden=\"true\"><\/b><\/h3><\/div>\n\n<h4>\u00a0zur DSGVO 25.05.2018<\/h4>\n\n              <\/div>\n           <\/div>\n                            \n<style>\n#text-box-1415904231 {\n  width: 60%;\n}\n#text-box-1415904231 .text-box-content {\n  font-size: 100%;\n}\n<\/style>\n    <\/div>\n \n\n        <\/div>\n      <\/div>\n\n            \n<style>\n#banner-1083084913 {\n  padding-top: 350px;\n  background-color: rgb(39, 54, 71);\n}\n<\/style>\n  <\/div>\n\n\n<div class=\"row\"  id=\"row-1356329818\">\n\n\n\t<div id=\"col-133147492\" class=\"col small-12 large-12\"  >\n\t\t\t\t<div class=\"col-inner\"  >\n\t\t\t\n\t\t\t\n\n<h3 class=\"text\">Erkl\u00e4rung zur Informationspflicht<br \/>(Datenschutzerkl\u00e4rung)<\/h3>\n<p>Der Schutz Ihrer pers\u00f6nlichen Daten ist uns ein besonderes Anliegen. Wir verarbeiten Ihre Daten daher ausschlie\u00dflich auf Grundlage der gesetzlichen Bestimmungen (DSGVO, TKG 2003). In diesen Datenschutzinformationen informieren wir Sie \u00fcber die wichtigsten Aspekte der Datenverarbeitung im Rahmen unserer Website.\u00a0<\/p>\n<h3>Kontakt mit uns<\/h3>\n<p>Wenn Sie per Formular auf der Website oder per E-Mail Kontakt mit uns aufnehmen, werden Ihre angegebenen Daten zwecks Bearbeitung der Anfrage und f\u00fcr den Fall von Anschlussfragen sechs Monate bei uns gespeichert. Diese Daten geben wir nicht ohne Ihre Einwilligung weiter.\u00a0<\/p>\n<h3>Datenspeicherung<\/h3>\n<p>Wir weisen darauf hin, dass zum Zweck des einfacheren Einkaufsvorganges und zur sp\u00e4teren Vertragsabwicklung vom Webshop-Betreiber im Rahmen von Cookies die IP-Daten des Anschlussinhabers gespeichert werden, ebenso wie Name,Anschrift, PayPal Name und Bankverbindung des K\u00e4ufers.<br \/>Die von Ihnen bereit gestellten Daten sind zur Vertragserf\u00fcllung bzw. zur Durchf\u00fchrung vorvertraglicher Ma\u00dfnahmen erforderlich. Ohne diese Daten k\u00f6nnen wir den Vertrag mit Ihnen nicht abschlie\u00dfen. Eine Daten\u00fcbermittlung an Dritte erfolgt nicht, mit Ausnahme der \u00dcbermittlung der Kreditkartendaten an die abwickelnden Bankinstitute \/ Zahlungsdienstleister zum Zwecke der Abbuchung des Einkaufspreises, an das von uns beauftragte Transportunternehmen\/Versandunternehmen zur Zustellung der Ware sowie an unseren Steuerberater zur Erf\u00fcllung unserer steuerrechtlichen Verpflichtungen.<\/p>\n<p>Nach Abbruch des Einkaufsvorganges werden die bei uns gespeicherten Daten gel\u00f6scht. Im Falle eines Vertragsabschlusses werden s\u00e4mtliche Daten aus dem Vertragsverh\u00e4ltnis bis zum Ablauf der steuerrechtlichen Aufbewahrungsfrist (7 Jahre) gespeichert. Die Daten Name, Anschrift, gekaufte Waren und Kaufdatum werden dar\u00fcber hinaus gehend bis zum Ablauf der Produkthaftung (10 Jahre) gespeichert.\u00a0 Die Datenverarbeitung erfolgt auf Basis der gesetzlichen Bestimmungen des \u00a7 96 Abs 3 TKG sowie des Art 6 Abs 1 lit a (Einwilligung) und\/oder lit b (notwendig zur Vertragserf\u00fcllung) der DSGVO.\u00a0\u00a0<\/p>\n<h3>Cookies<\/h3>\n<p>Unsere Website\/Webshop verwendet keine so genannte Cookies. Dabei handelt es sich um kleine Textdateien, die mit Hilfe des Browsers auf Ihrem Endger\u00e4t abgelegt werden. Sie richten keinen Schaden an.Wir haben kein Interesse Cookies zu nutzen. Sagen Sie uns Ihre Meinung um unser Angebot nutzerfreundlicher zu gestalten.Cookies bleiben auf Ihrem Endger\u00e4t gespeichert, bis Sie diese l\u00f6schen und das wollen wir nicht. Wir hoffen das Sie uns auch ohne Cookies wieder erkennen.<\/p>\n<p>Sie m\u00fcssen somit nicht Ihren Browser einrichten um auf Cookies aufmerksam gemacht zu werden, da wir keine verwenden.<br \/>Bei der Deaktivierung von Cookies ist die Funktionalit\u00e4t unserer Website nicht eingeschr\u00e4nkt.<\/p>\n<h3>Web-Analyse<\/h3>\n<p>Unsere Website verwendet keine Funktionen des Webanalysedienste wie Google Adwords!<br \/>Dazu w\u00fcrden Cookies verwendet werden, welche wir kategorisch ablehnen, die eine Analyse der Benutzung der Website durch Ihre Benutzer erm\u00f6glicht. Die dadurch erzeugten Informationen werden auf den Server des Anbieters \u00fcbertragen und dort gespeichert.<br \/>Sie k\u00f6nnten dies verhindern, indem Sie Ihren Browser so einrichten, dass keine Cookies gespeichert werden.<br \/>Diese Ma\u00dfnahme ben\u00f6tigen Sie aber bei dem Besuch unserer Homepage nicht.<\/p>\n<p>Datenverarbeitung<br \/>Die Datenverarbeitung erfolgt auf Basis der gesetzlichen Bestimmungen des \u00a7 96 Abs 3 TKG sowie des Art 6 Abs 1 lit a (Einwilligung) und\/oder f (berechtigtes Interesse) der DSGVO.<\/p>\n<h3>Newsletter<\/h3>\n<p>Sie haben die M\u00f6glichkeit, \u00fcber unsere Website unseren Newsletter zu abonnieren. Hierf\u00fcr ben\u00f6tigen wir Ihre E-Mail-Adresse und ihre Erkl\u00e4rung, dass Sie mit dem Bezug des Newsletters einverstanden sind.<br \/>Um Sie zielgerichtet mit Informationen zu versorgen, erheben und verarbeiten wir au\u00dferdem freiwillig gemachte Angaben zu Interessengebieten, Geburtstag und Postleitzahl und der gleichen.<\/p>\n<p>Sobald Sie sich f\u00fcr den Newsletter angemeldet haben, senden wir Ihnen ein Best\u00e4tigungs-E-Mail mit einem Link zur Best\u00e4tigung der Anmeldung.<br \/>Das Abo des Newsletters k\u00f6nnen Sie jederzeit stornieren. Senden Sie Ihre Stornierung bitte an folgende E-Mail-Adresse: office@consys.at. Wir l\u00f6schen anschlie\u00dfend umgehend Ihre Daten im Zusammenhang mit dem Newsletter-Versand.\u00a0<\/p>\n<h3>Ihre Rechte<\/h3>\n<p>Ihnen stehen grunds\u00e4tzlich die Rechte auf Auskunft, Berichtigung, L\u00f6schung, Einschr\u00e4nkung, Daten\u00fcbertragbarkeit, Widerruf und Widerspruch zu. Wenn Sie glauben, dass die Verarbeitung Ihrer Daten gegen das Datenschutzrecht verst\u00f6\u00dft oder Ihre datenschutzrechtlichen Anspr\u00fcche sonst in einer Weise verletzt worden sind, k\u00f6nnen Sie sich bei der Aufsichtsbeh\u00f6rde beschweren. In \u00d6sterreich ist dies die Datenschutzbeh\u00f6rde<\/p>\n<h3>Gestaltung und Realisierung<\/h3>\n<div class=\"text\">FAIRRANK group<\/div>\n<div><a class=\"external\" title=\"www.fairrank.com\" href=\"http:\/\/www.fairrank.com\/\" target=\"_blank\" rel=\"noopener\">www.fairrank.com<\/a><\/div>\n\n\t\t<\/div>\n\t\t\t\t\t<\/div>\n\n\t\n\n<\/div>","protected":false},"excerpt":{"rendered":"","protected":false},"author":2,"featured_media":0,"parent":0,"menu_order":0,"comment_status":"closed","ping_status":"closed","template":"page-blank.php","meta":{"footnotes":""},"class_list":["post-675","page","type-page","status-publish","hentry"],"yoast_head":"<!-- This site is optimized with the Yoast SEO plugin v26.8 - https:\/\/yoast.com\/product\/yoast-seo-wordpress\/ -->\n<title>Datenschutzerkl\u00e4rung - consys webshop<\/title>\n<meta name=\"robots\" content=\"index, follow, max-snippet:-1, max-image-preview:large, max-video-preview:-1\" \/>\n<link rel=\"canonical\" href=\"https:\/\/shop.consys.at\/en\/datenschutzerklaerung\/\" \/>\n<meta property=\"og:locale\" content=\"en_GB\" \/>\n<meta property=\"og:type\" content=\"article\" \/>\n<meta property=\"og:title\" content=\"Datenschutzerkl\u00e4rung - consys webshop\" \/>\n<meta property=\"og:url\" content=\"https:\/\/shop.consys.at\/en\/datenschutzerklaerung\/\" \/>\n<meta property=\"og:site_name\" content=\"consys webshop\" \/>\n<meta property=\"article:modified_time\" content=\"2021-09-30T11:00:13+00:00\" \/>\n<meta name=\"twitter:card\" content=\"summary_large_image\" \/>\n<script type=\"application\/ld+json\" class=\"yoast-schema-graph\">{\"@context\":\"https:\/\/schema.org\",\"@graph\":[{\"@type\":\"WebPage\",\"@id\":\"https:\/\/shop.consys.at\/datenschutzerklaerung\/\",\"url\":\"https:\/\/shop.consys.at\/datenschutzerklaerung\/\",\"name\":\"Datenschutzerkl\u00e4rung - consys webshop\",\"isPartOf\":{\"@id\":\"https:\/\/shop.consys.at\/#website\"},\"datePublished\":\"2021-09-30T10:56:24+00:00\",\"dateModified\":\"2021-09-30T11:00:13+00:00\",\"breadcrumb\":{\"@id\":\"https:\/\/shop.consys.at\/datenschutzerklaerung\/#breadcrumb\"},\"inLanguage\":\"en-GB\",\"potentialAction\":[{\"@type\":\"ReadAction\",\"target\":[\"https:\/\/shop.consys.at\/datenschutzerklaerung\/\"]}]},{\"@type\":\"BreadcrumbList\",\"@id\":\"https:\/\/shop.consys.at\/datenschutzerklaerung\/#breadcrumb\",\"itemListElement\":[{\"@type\":\"ListItem\",\"position\":1,\"name\":\"Home\",\"item\":\"https:\/\/shop.consys.at\/\"},{\"@type\":\"ListItem\",\"position\":2,\"name\":\"Datenschutzerkl\u00e4rung\"}]},{\"@type\":\"WebSite\",\"@id\":\"https:\/\/shop.consys.at\/#website\",\"url\":\"https:\/\/shop.consys.at\/\",\"name\":\"consys webshop\",\"description\":\"connecting systems\",\"potentialAction\":[{\"@type\":\"SearchAction\",\"target\":{\"@type\":\"EntryPoint\",\"urlTemplate\":\"https:\/\/shop.consys.at\/?s={search_term_string}\"},\"query-input\":{\"@type\":\"PropertyValueSpecification\",\"valueRequired\":true,\"valueName\":\"search_term_string\"}}],\"inLanguage\":\"en-GB\"}]}<\/script>\n<!-- \/ Yoast SEO plugin. -->","yoast_head_json":{"title":"Datenschutzerkl\u00e4rung - consys webshop","robots":{"index":"index","follow":"follow","max-snippet":"max-snippet:-1","max-image-preview":"max-image-preview:large","max-video-preview":"max-video-preview:-1"},"canonical":"https:\/\/shop.consys.at\/en\/datenschutzerklaerung\/","og_locale":"en_GB","og_type":"article","og_title":"Datenschutzerkl\u00e4rung - consys webshop","og_url":"https:\/\/shop.consys.at\/en\/datenschutzerklaerung\/","og_site_name":"consys webshop","article_modified_time":"2021-09-30T11:00:13+00:00","twitter_card":"summary_large_image","schema":{"@context":"https:\/\/schema.org","@graph":[{"@type":"WebPage","@id":"https:\/\/shop.consys.at\/datenschutzerklaerung\/","url":"https:\/\/shop.consys.at\/datenschutzerklaerung\/","name":"Datenschutzerkl\u00e4rung - consys webshop","isPartOf":{"@id":"https:\/\/shop.consys.at\/#website"},"datePublished":"2021-09-30T10:56:24+00:00","dateModified":"2021-09-30T11:00:13+00:00","breadcrumb":{"@id":"https:\/\/shop.consys.at\/datenschutzerklaerung\/#breadcrumb"},"inLanguage":"en-GB","potentialAction":[{"@type":"ReadAction","target":["https:\/\/shop.consys.at\/datenschutzerklaerung\/"]}]},{"@type":"BreadcrumbList","@id":"https:\/\/shop.consys.at\/datenschutzerklaerung\/#breadcrumb","itemListElement":[{"@type":"ListItem","position":1,"name":"Home","item":"https:\/\/shop.consys.at\/"},{"@type":"ListItem","position":2,"name":"Datenschutzerkl\u00e4rung"}]},{"@type":"WebSite","@id":"https:\/\/shop.consys.at\/#website","url":"https:\/\/shop.consys.at\/","name":"consys webshop","description":"connecting systems","potentialAction":[{"@type":"SearchAction","target":{"@type":"EntryPoint","urlTemplate":"https:\/\/shop.consys.at\/?s={search_term_string}"},"query-input":{"@type":"PropertyValueSpecification","valueRequired":true,"valueName":"search_term_string"}}],"inLanguage":"en-GB"}]}},"_links":{"self":[{"href":"https:\/\/shop.consys.at\/en\/wp-json\/wp\/v2\/pages\/675","targetHints":{"allow":["GET"]}}],"collection":[{"href":"https:\/\/shop.consys.at\/en\/wp-json\/wp\/v2\/pages"}],"about":[{"href":"https:\/\/shop.consys.at\/en\/wp-json\/wp\/v2\/types\/page"}],"author":[{"embeddable":true,"href":"https:\/\/shop.consys.at\/en\/wp-json\/wp\/v2\/users\/2"}],"replies":[{"embeddable":true,"href":"https:\/\/shop.consys.at\/en\/wp-json\/wp\/v2\/comments?post=675"}],"version-history":[{"count":3,"href":"https:\/\/shop.consys.at\/en\/wp-json\/wp\/v2\/pages\/675\/revisions"}],"predecessor-version":[{"id":679,"href":"https:\/\/shop.consys.at\/en\/wp-json\/wp\/v2\/pages\/675\/revisions\/679"}],"wp:attachment":[{"href":"https:\/\/shop.consys.at\/en\/wp-json\/wp\/v2\/media?parent=675"}],"curies":[{"name":"wp","href":"https:\/\/api.w.org\/{rel}","templated":true}]}}